{"id":19306,"date":"2017-08-24T15:02:25","date_gmt":"2017-08-24T13:02:25","guid":{"rendered":"https:\/\/www.caralliance.be\/de\/impressum-2"},"modified":"2020-04-01T09:46:52","modified_gmt":"2020-04-01T07:46:52","slug":"impressum","status":"publish","type":"page","link":"https:\/\/www.caralliance.be\/de\/impressum\/","title":{"rendered":"Impressum"},"content":{"rendered":"<h2>Verantwortlicher Herausgeber<\/h2>\n<p>Centracar SA<br \/>\nHerbesthaler Strasse, 132<br \/>\nB-4700 Eupen<br \/>\nTel.: 087\/59 84 59<br \/>\nFax: 087\/59 84 60<br \/>\nE-Mail: <a href=\"mailto:info@centracar.be\">info@centracar.be<br \/>\n<\/a>MwSt.-Nr: <strong>BE0464.341.077<\/strong><\/p>\n<p>RPM Eupen<\/p>\n<h2>Verantwortung<\/h2>\n<p>Trotz der gr\u00f6\u00dften Sorgfalt, die bei der Erstellung und der Aktualisierung dieser Webseite waltet, k\u00f6nnen die hierin enthaltenen Informationen technische Ungenauigkeiten oder Tippfehler enthalten.<\/p>\n<h2>Nutzungsbedingungen<\/h2>\n<p><a href=\"https:\/\/www.caralliance.be\/de\/conditions-generales-dutilisation\/\">Bitte besuchen Sie unsere Seite &#8222;Nutzungsbedingungen&#8220;.<\/a><\/p>\n","protected":false},"excerpt":{"rendered":"<p>Verantwortlicher Herausgeber Centracar SA Herbesthaler Strasse, 132 B-4700 Eupen Tel.: 087\/59 84 59 Fax: 087\/59 84 60 E-Mail: info@centracar.be MwSt.-Nr: BE0464.341.077 RPM Eupen Verantwortung Trotz der gr\u00f6\u00dften Sorgfalt, die bei der Erstellung und der Aktualisierung dieser Webseite waltet, k\u00f6nnen die hierin enthaltenen Informationen technische Ungenauigkeiten oder Tippfehler enthalten. Nutzungsbedingungen Bitte besuchen Sie unsere Seite &#8222;Nutzungsbedingungen&#8220;.<\/p>\n","protected":false},"author":10,"featured_media":0,"parent":0,"menu_order":0,"comment_status":"closed","ping_status":"closed","template":"","meta":{"_acf_changed":false,"footnotes":""},"class_list":["post-19306","page","type-page","status-publish","hentry"],"acf":[],"yoast_head":"<!-- This site is optimized with the Yoast SEO plugin v27.1.1 - https:\/\/yoast.com\/product\/yoast-seo-wordpress\/ -->\n<title>Impressum - Caralliance - Der gr\u00f6\u00dfte Bestand an Neu- und Gebrauchtfahrzeugen in der Provinz L\u00fcttich<\/title>\n<meta name=\"robots\" content=\"index, follow, max-snippet:-1, max-image-preview:large, max-video-preview:-1\" \/>\n<link rel=\"canonical\" href=\"https:\/\/www.caralliance.be\/de\/impressum\/\" \/>\n<meta property=\"og:locale\" content=\"de_DE\" \/>\n<meta property=\"og:type\" content=\"article\" \/>\n<meta property=\"og:title\" content=\"Impressum - Caralliance - Der gr\u00f6\u00dfte Bestand an Neu- und Gebrauchtfahrzeugen in der Provinz L\u00fcttich\" \/>\n<meta property=\"og:description\" content=\"Verantwortlicher Herausgeber Centracar SA Herbesthaler Strasse, 132 B-4700 Eupen Tel.: 087\/59 84 59 Fax: 087\/59 84 60 E-Mail: info@centracar.be MwSt.-Nr: BE0464.341.077 RPM Eupen Verantwortung Trotz der gr\u00f6\u00dften Sorgfalt, die bei der Erstellung und der Aktualisierung dieser Webseite waltet, k\u00f6nnen die hierin enthaltenen Informationen technische Ungenauigkeiten oder Tippfehler enthalten. Nutzungsbedingungen Bitte besuchen Sie unsere Seite &#8222;Nutzungsbedingungen&#8220;.\" \/>\n<meta property=\"og:url\" content=\"https:\/\/www.caralliance.be\/de\/impressum\/\" \/>\n<meta property=\"og:site_name\" content=\"Caralliance - Der gr\u00f6\u00dfte Bestand an Neu- und Gebrauchtfahrzeugen in der Provinz L\u00fcttich\" \/>\n<meta property=\"article:modified_time\" content=\"2020-04-01T07:46:52+00:00\" \/>\n<meta name=\"twitter:card\" content=\"summary_large_image\" \/>\n<script type=\"application\/ld+json\" class=\"yoast-schema-graph\">{\"@context\":\"https:\/\/schema.org\",\"@graph\":[{\"@type\":\"WebPage\",\"@id\":\"https:\/\/www.caralliance.be\/de\/impressum\/\",\"url\":\"https:\/\/www.caralliance.be\/de\/impressum\/\",\"name\":\"Impressum - Caralliance - Der gr\u00f6\u00dfte Bestand an Neu- und Gebrauchtfahrzeugen in der Provinz L\u00fcttich\",\"isPartOf\":{\"@id\":\"https:\/\/www.caralliance.be\/de\/#website\"},\"datePublished\":\"2017-08-24T13:02:25+00:00\",\"dateModified\":\"2020-04-01T07:46:52+00:00\",\"breadcrumb\":{\"@id\":\"https:\/\/www.caralliance.be\/de\/impressum\/#breadcrumb\"},\"inLanguage\":\"de\",\"potentialAction\":[{\"@type\":\"ReadAction\",\"target\":[\"https:\/\/www.caralliance.be\/de\/impressum\/\"]}]},{\"@type\":\"BreadcrumbList\",\"@id\":\"https:\/\/www.caralliance.be\/de\/impressum\/#breadcrumb\",\"itemListElement\":[{\"@type\":\"ListItem\",\"position\":1,\"name\":\"Home\",\"item\":\"https:\/\/www.caralliance.be\/de\/\"},{\"@type\":\"ListItem\",\"position\":2,\"name\":\"Impressum\"}]},{\"@type\":\"WebSite\",\"@id\":\"https:\/\/www.caralliance.be\/de\/#website\",\"url\":\"https:\/\/www.caralliance.be\/de\/\",\"name\":\"Caralliance - Der gr\u00f6\u00dfte Bestand an Neu- und Gebrauchtfahrzeugen in der Provinz L\u00fcttich\",\"description\":\"Finden Sie jetzt Ihr Traumauto!\",\"potentialAction\":[{\"@type\":\"SearchAction\",\"target\":{\"@type\":\"EntryPoint\",\"urlTemplate\":\"https:\/\/www.caralliance.be\/de\/?s={search_term_string}\"},\"query-input\":{\"@type\":\"PropertyValueSpecification\",\"valueRequired\":true,\"valueName\":\"search_term_string\"}}],\"inLanguage\":\"de\"}]}<\/script>\n<!-- \/ Yoast SEO plugin. -->","yoast_head_json":{"title":"Impressum - Caralliance - Der gr\u00f6\u00dfte Bestand an Neu- und Gebrauchtfahrzeugen in der Provinz L\u00fcttich","robots":{"index":"index","follow":"follow","max-snippet":"max-snippet:-1","max-image-preview":"max-image-preview:large","max-video-preview":"max-video-preview:-1"},"canonical":"https:\/\/www.caralliance.be\/de\/impressum\/","og_locale":"de_DE","og_type":"article","og_title":"Impressum - Caralliance - Der gr\u00f6\u00dfte Bestand an Neu- und Gebrauchtfahrzeugen in der Provinz L\u00fcttich","og_description":"Verantwortlicher Herausgeber Centracar SA Herbesthaler Strasse, 132 B-4700 Eupen Tel.: 087\/59 84 59 Fax: 087\/59 84 60 E-Mail: info@centracar.be MwSt.-Nr: BE0464.341.077 RPM Eupen Verantwortung Trotz der gr\u00f6\u00dften Sorgfalt, die bei der Erstellung und der Aktualisierung dieser Webseite waltet, k\u00f6nnen die hierin enthaltenen Informationen technische Ungenauigkeiten oder Tippfehler enthalten. Nutzungsbedingungen Bitte besuchen Sie unsere Seite &#8222;Nutzungsbedingungen&#8220;.","og_url":"https:\/\/www.caralliance.be\/de\/impressum\/","og_site_name":"Caralliance - Der gr\u00f6\u00dfte Bestand an Neu- und Gebrauchtfahrzeugen in der Provinz L\u00fcttich","article_modified_time":"2020-04-01T07:46:52+00:00","twitter_card":"summary_large_image","schema":{"@context":"https:\/\/schema.org","@graph":[{"@type":"WebPage","@id":"https:\/\/www.caralliance.be\/de\/impressum\/","url":"https:\/\/www.caralliance.be\/de\/impressum\/","name":"Impressum - Caralliance - Der gr\u00f6\u00dfte Bestand an Neu- und Gebrauchtfahrzeugen in der Provinz L\u00fcttich","isPartOf":{"@id":"https:\/\/www.caralliance.be\/de\/#website"},"datePublished":"2017-08-24T13:02:25+00:00","dateModified":"2020-04-01T07:46:52+00:00","breadcrumb":{"@id":"https:\/\/www.caralliance.be\/de\/impressum\/#breadcrumb"},"inLanguage":"de","potentialAction":[{"@type":"ReadAction","target":["https:\/\/www.caralliance.be\/de\/impressum\/"]}]},{"@type":"BreadcrumbList","@id":"https:\/\/www.caralliance.be\/de\/impressum\/#breadcrumb","itemListElement":[{"@type":"ListItem","position":1,"name":"Home","item":"https:\/\/www.caralliance.be\/de\/"},{"@type":"ListItem","position":2,"name":"Impressum"}]},{"@type":"WebSite","@id":"https:\/\/www.caralliance.be\/de\/#website","url":"https:\/\/www.caralliance.be\/de\/","name":"Caralliance - Der gr\u00f6\u00dfte Bestand an Neu- und Gebrauchtfahrzeugen in der Provinz L\u00fcttich","description":"Finden Sie jetzt Ihr Traumauto!","potentialAction":[{"@type":"SearchAction","target":{"@type":"EntryPoint","urlTemplate":"https:\/\/www.caralliance.be\/de\/?s={search_term_string}"},"query-input":{"@type":"PropertyValueSpecification","valueRequired":true,"valueName":"search_term_string"}}],"inLanguage":"de"}]}},"_links":{"self":[{"href":"https:\/\/www.caralliance.be\/de\/wp-json\/wp\/v2\/pages\/19306","targetHints":{"allow":["GET"]}}],"collection":[{"href":"https:\/\/www.caralliance.be\/de\/wp-json\/wp\/v2\/pages"}],"about":[{"href":"https:\/\/www.caralliance.be\/de\/wp-json\/wp\/v2\/types\/page"}],"author":[{"embeddable":true,"href":"https:\/\/www.caralliance.be\/de\/wp-json\/wp\/v2\/users\/10"}],"replies":[{"embeddable":true,"href":"https:\/\/www.caralliance.be\/de\/wp-json\/wp\/v2\/comments?post=19306"}],"version-history":[{"count":4,"href":"https:\/\/www.caralliance.be\/de\/wp-json\/wp\/v2\/pages\/19306\/revisions"}],"predecessor-version":[{"id":30607,"href":"https:\/\/www.caralliance.be\/de\/wp-json\/wp\/v2\/pages\/19306\/revisions\/30607"}],"wp:attachment":[{"href":"https:\/\/www.caralliance.be\/de\/wp-json\/wp\/v2\/media?parent=19306"}],"curies":[{"name":"wp","href":"https:\/\/api.w.org\/{rel}","templated":true}]}}