{"id":27390,"date":"2019-04-04T12:25:15","date_gmt":"2019-04-04T10:25:15","guid":{"rendered":"https:\/\/www.caralliance.be\/de\/cookies-et-vie-privee\/"},"modified":"2020-04-01T10:22:42","modified_gmt":"2020-04-01T08:22:42","slug":"datenschutzerklaerung","status":"publish","type":"page","link":"https:\/\/www.caralliance.be\/de\/datenschutzerklaerung\/","title":{"rendered":"Cookies und Datenschutzerkl\u00e4rung"},"content":{"rendered":"<h3>Benutzerrechte&#8230;<\/h3>\n<p>Als Nutzer haben Sie das Recht, auf Antrag unentgeltlich Auskunft \u00fcber die \u00fcber Sie gespeicherten personenbezogenen Daten zu erhalten.\u00a0Wenn Sie der Meinung sind, dass Ihre Daten unrechtm\u00e4\u00dfig verarbeitet wurden, k\u00f6nnen Sie bei der zust\u00e4ndigen Aufsichtsbeh\u00f6rde eine Beschwerde einreichen.<\/p>\n<h3>L\u00f6schung von Daten<\/h3>\n<p>Die von uns gespeicherten Daten werden gel\u00f6scht, wenn sie f\u00fcr den Zweck, f\u00fcr den sie erhoben wurden, nicht mehr erforderlich sind und keine gesetzlichen Aufbewahrungsfristen bestehen. Kann die L\u00f6schung nicht durchgef\u00fchrt werden, weil die Daten f\u00fcr gesetzlich zul\u00e4ssige Zwecke notwendig sind, wird die Datenverarbeitung eingeschr\u00e4nkt. In diesem Fall werden die Daten gesperrt und nicht f\u00fcr andere Zwecke verarbeitet.<\/p>\n<h3>Einspruchsrecht<\/h3>\n<p>Die Benutzer dieser Website k\u00f6nnen jederzeit von ihrem Recht Gebrauch machen, sich der Verarbeitung ihrer pers\u00f6nlichen Daten zu widersetzen und Einspruch zu erheben.<\/p>\n<h3>Allgemeine Informationen<\/h3>\n<p>Die folgenden Hinweise geben einen einfachen \u00dcberblick dar\u00fcber, was mit Ihren pers\u00f6nlichen Daten geschieht, wenn Sie unsere Website besuchen. Personenbezogene Daten sind alle Daten, mit denen Sie pers\u00f6nlich identifiziert werden k\u00f6nnen. Wenn im Folgenden der Begriff &#8222;Kunden&#8220; verwendet wird, bezieht sich dies auf die Betreiber der Website &#8211; im Impressum auch als &#8222;Verantwortlicher Herausgeber&#8220; angegeben.<\/p>\n<p>Die Datenverarbeitung auf dieser Website wird vom Betreiber der Website durchgef\u00fchrt. Seine Kontaktdaten finden Sie im Impressum auf dieser Website.<br \/>\nWie erfassen wir Ihre Daten?<\/p>\n<p>Wie erfassen wir Ihre Daten?<\/p>\n<p>Die Daten werden von unseren Computersystemen automatisch erfasst, wenn die Website besucht wird. Dabei handelt es sich haupts\u00e4chlich um technische Daten (z.B. Internet-Browser, Betriebssystem oder Zeitpunkt des Seitenaufrufs). Diese Daten werden automatisch erfasst, sobald Sie unsere Website betreten.<\/p>\n<h4>Wof\u00fcr verwenden wir Ihre Daten?<\/h4>\n<p>Einige der Daten werden gesammelt, um sicherzustellen, dass die Website fehlerfrei bereitgestellt wird. Andere Daten k\u00f6nnen zur Analyse Ihres Nutzerverhaltens verwendet werden. Ihre IP-Adresse wird von unseren Servern f\u00fcr maximal 24 Monate gespeichert. Dies geschieht aus Sicherheitsgr\u00fcnden (die Firewall-Software &#8222;Fail2Ban&#8220; wehrt damit Angriffe auf unsere Serversysteme zuverl\u00e4ssig ab). Nach maximal 24 Monaten (oder einem entsprechenden schriftlichen Antrag) werden die IPs entsprechend gel\u00f6scht.<br \/>\nSie haben das Recht, jederzeit und kostenlos Auskunft \u00fcber Herkunft, Empf\u00e4nger und Zweck der von Ihnen gespeicherten personenbezogenen Daten zu erhalten. Sie haben auch das Recht, die Berichtigung, Sperrung oder L\u00f6schung dieser Daten zu verlangen. Zu diesem Zweck sowie f\u00fcr alle weiteren Fragen zum Datenschutz k\u00f6nnen Sie sich jederzeit an die im Impressum angegebene Adresse wenden. Dar\u00fcber hinaus haben Sie das Recht, bei der zust\u00e4ndigen Aufsichtsbeh\u00f6rde eine Beschwerde einzureichen.<\/p>\n<h3>Analyse-Werkzeuge und Werkzeuge von Drittanbietern<\/h3>\n<p>Wenn Sie unsere Website besuchen, kann Ihr Surfverhalten statistisch ausgewertet werden. Dies geschieht haupts\u00e4chlich mit Hilfe von Cookies und so genannten Analyseprogrammen. Die Analyse Ihres Surfverhaltens erfolgt in der Regel anonym; das Surfverhalten kann nicht auf Sie zur\u00fcckgef\u00fchrt werden. Sie k\u00f6nnen gegen diese Analyse Einw\u00e4nde erheben oder sie verhindern, indem Sie bestimmte Werkzeuge nicht verwenden. Einzelheiten finden Sie in unserer Datenschutzerkl\u00e4rung unter &#8222;Module und Analysewerkzeuge von Drittanbietern&#8220;.<\/p>\n<p>Sie k\u00f6nnen gegen diese Analyse Einspruch erheben. Wir werden Sie \u00fcber die Widerspruchsm\u00f6glichkeiten in dieser Datenschutzerkl\u00e4rung informieren.<\/p>\n<h3>Datenschutz<\/h3>\n<p>Die Betreiber dieser Seiten nehmen den Schutz Ihrer pers\u00f6nlichen Daten sehr ernst. Wir behandeln Ihre pers\u00f6nlichen Daten vertraulich und gem\u00e4\u00df den gesetzlichen Datenschutzbestimmungen und dieser Datenschutzerkl\u00e4rung.<\/p>\n<p>Wenn Sie diese Website nutzen, werden verschiedene pers\u00f6nliche Daten gesammelt. Personenbezogene Daten sind Daten, mit denen Sie pers\u00f6nlich identifiziert werden k\u00f6nnen. Diese Datenschutzerkl\u00e4rung erkl\u00e4rt, welche Daten wir sammeln und f\u00fcr welche Zwecke wir sie verwenden. Es wird auch erkl\u00e4rt, wie und zu welchem Zweck dies geschieht.<\/p>\n<p>Wir weisen darauf hin, dass die Daten\u00fcbertragung im Internet (z.B. bei der Kommunikation per E-Mail) Sicherheitsl\u00fccken aufweisen kann. Ein vollst\u00e4ndiger Schutz der Daten vor dem Zugriff durch Dritte ist nicht m\u00f6glich.<\/p>\n<h3>Meldung an die zust\u00e4ndige Beh\u00f6rde<\/h3>\n<p>Die f\u00fcr die Datenverarbeitung auf dieser Website verantwortliche Person ist<\/p>\n<p>Centracar SA<br \/>\nJohn Emontspool<br \/>\nHerbesthaler Stra\u00dfe, 132<br \/>\nB-4700 Eupen<br \/>\nTelefon: 087\/59 84 59<br \/>\nFax: 087\/59 84 60<br \/>\nE-Mail: info@centracar.be<br \/>\nMWST: BE0464.341.077<br \/>\nRPM Eupen<\/p>\n<p>Die verantwortliche Stelle ist die nat\u00fcrliche oder juristische Person, die allein oder gemeinsam mit anderen \u00fcber die Zwecke und Mittel der Verarbeitung personenbezogener Daten (z.B. Namen, E-Mail-Adressen usw.) entscheidet.<\/p>\n<h3>Widerruf Ihrer Zustimmung zur Datenverarbeitung<\/h3>\n<p>Viele Datenverarbeitungsvorg\u00e4nge sind nur mit Ihrer ausdr\u00fccklichen Zustimmung m\u00f6glich. Sie k\u00f6nnen eine zuvor erteilte Einwilligung jederzeit widerrufen. Hierf\u00fcr reicht eine formlose Benachrichtigung per E-Mail aus. Die Rechtm\u00e4\u00dfigkeit der Datenverarbeitung bis zum Zeitpunkt des Widerrufs wird durch den Widerruf nicht ber\u00fchrt.<\/p>\n<h3>Beschwerderecht bei der zust\u00e4ndigen Aufsichtsbeh\u00f6rde<\/h3>\n<p>Im Falle eines Versto\u00dfes gegen das Datenschutzgesetz hat die betroffene Person ein Beschwerderecht bei der zust\u00e4ndigen Aufsichtsbeh\u00f6rde. Die zust\u00e4ndige Datenschutzaufsichtsbeh\u00f6rde ist der staatliche Datenschutzbeauftragte des Landes, in dem der Kunde seinen Wohnsitz hat.<\/p>\n<h3>Recht auf Daten\u00fcbertragbarkeit<\/h3>\n<p>Sie haben das Recht, dass die Daten, die wir aufgrund Ihrer Zustimmung oder in Ausf\u00fchrung eines Vertrages automatisch verarbeiten, Ihnen oder einem Dritten in einem g\u00e4ngigen maschinenlesbaren Format \u00fcbermittelt werden. Wenn Sie die direkte \u00dcbermittlung von Daten an eine andere verantwortliche Stelle beantragen, so erfolgt dies nur im Rahmen des technisch M\u00f6glichen.<\/p>\n<h3>SSL- oder TLS-Verschl\u00fcsselung<\/h3>\n<p>Aus Sicherheitsgr\u00fcnden und zum Schutz der \u00dcbertragung von vertraulichen Inhalten, wie z.B. Bestellungen oder Anfragen, die Sie an uns als Site-Betreiber senden, verwendet diese Site SSL- oder TLS-Verschl\u00fcsselung. Sie erkennen eine verschl\u00fcsselte Verbindung daran, dass die Adresszeile des Browsers von &#8222;http:\/\/&#8220; in &#8222;https:\/\/&#8220; wechselt und an dem Vorh\u00e4ngeschloss-Symbol in der Zeile Ihres Browsers.<\/p>\n<p>Wenn die SSL- oder TLS-Verschl\u00fcsselung aktiviert ist, k\u00f6nnen die Daten, die Sie an uns \u00fcbermitteln, nicht von Dritten gelesen werden.<\/p>\n<h3>Information, Sperrung, L\u00f6schung<\/h3>\n<p>Sie haben im Rahmen der gesetzlichen Bestimmungen jederzeit ein Recht auf unentgeltliche Auskunft \u00fcber die \u00fcber Sie gespeicherten personenbezogenen Daten, deren Herkunft und Empf\u00e4nger sowie den Zweck der Datenverarbeitung und ggf. ein Recht auf Berichtigung, Sperrung oder L\u00f6schung dieser Daten. Zu diesem Zweck sowie f\u00fcr alle anderen Fragen zu personenbezogenen Daten k\u00f6nnen Sie sich jederzeit unter der im Impressum angegebenen Adresse an uns wenden.<\/p>\n<h3>Widerspruch gegen Werbemails<\/h3>\n<p>Der Nutzung von im Rahmen der Impressumspflicht ver\u00f6ffentlichten Kontaktdaten durch Dritte zur \u00dcbersendung von nicht ausdr\u00fccklich angeforderter Werbung und Informationsmaterialien wird hiermit widersprochen. Die Betreiber der Seiten behalten sich ausdr\u00fccklich rechtliche Schritte im Falle der unverlangten Zusendung von Werbeinformationen, etwa durch unverlangte E-Mails (Spam), vor.<\/p>\n<h2>Datenerfassung auf unserer Website<\/h2>\n<h3>Cookies<\/h3>\n<p>Die Internetseiten verwenden teilweise &#8222;Cookies&#8220;. Cookies richten auf Ihrem Rechner keinen Schaden an und enthalten keine Viren. Cookies dienen dazu, unser Angebot nutzerfreundlicher, effektiver und sicherer zu machen. Cookies sind kleine Textdateien, die auf Ihrem Computer gespeichert werden und die Ihr Browser speichert.<\/p>\n<p>Die meisten der von uns verwendeten Cookies sind so genannte &#8222;Session-Cookies&#8220;. Sie werden nach Ende Ihres Besuchs automatisch gel\u00f6scht. Andere Cookies bleiben auf Ihrem Endger\u00e4t gespeichert, bis Sie sie l\u00f6schen. Diese Cookies erm\u00f6glichen es uns, Ihren Browser bei Ihrem n\u00e4chsten Besuch wieder zu erkennen.<\/p>\n<p>Sie k\u00f6nnen Ihren Browser so konfigurieren, dass Sie beim Setzen von Cookies benachrichtigt werden und Cookies nur im Einzelfall zulassen, die Annahme von Cookies in bestimmten F\u00e4llen oder generell ausschlie\u00dfen und das automatische L\u00f6schen von Cookies beim Schlie\u00dfen des Browsers aktivieren. Wenn Sie Cookies deaktivieren, kann die Funktionalit\u00e4t dieser Website eingeschr\u00e4nkt sein.<\/p>\n<p>Cookies, die zur Durchf\u00fchrung des elektronischen Kommunikationsprozesses oder zur Bereitstellung bestimmter von Ihnen angeforderter Funktionen (z.B. die Warenkorbfunktion) erforderlich sind, werden auf der Grundlage von \u00a7 6 Abs. 1 Buchstabe f DSGVO gespeichert. Der Website-Betreiber hat ein berechtigtes Interesse an der Speicherung von Cookies, um seine Dienste fehlerfrei und technisch optimal anbieten zu k\u00f6nnen. Soweit andere Cookies (z.B. Cookies zur Analyse Ihres Surfverhaltens) gespeichert werden, werden sie in dieser Datenschutzerkl\u00e4rung gesondert behandelt.<\/p>\n<h3>Google-Analytics<\/h3>\n<p>Der Kunde nutzt Google Analytics, einen Webanalysedienst der Google Inc. (Google). Google Analytics verwendet leistungssteigernde Cookies, die uns helfen, die Nutzung unserer Website zu \u00fcberwachen und dar\u00fcber zu berichten. Google kann diese Informationen an Dritte \u00fcbertragen, wenn es gesetzlich dazu verpflichtet ist oder soweit diese Dritten die Informationen im Auftrag von Google verarbeiten. Wir haben Google nicht gestattet, die im Rahmen anderer Google-Dienste erhaltenen Analytics-Informationen zu verwenden. Die von Google gesammelten Informationen werden so weit wie m\u00f6glich anonymisiert. Die Informationen werden an Google \u00fcbermittelt und von Google auf Servern in den USA gespeichert. Google ist den Safe-Harbor-Prinzipien verpflichtet und h\u00e4lt sich an das Safe-Harbor-Programm des US-Handelsministeriums. Dies setzt die Anwendung eines angemessenen Schutzniveaus bei der Verarbeitung personenbezogener Daten voraus.<\/p>\n<h3>Server-Protokolldateien<\/h3>\n<p>Der Seitenanbieter erhebt und speichert automatisch in Server Log Files Informationen, die Ihr Browser automatisch an uns \u00fcbermittelt. Dies ist der Fall bei :<\/p>\n<ul>\n<li>Browser-Typ und Browser-Version<\/li>\n<li>Verwendetes Betriebssystem<\/li>\n<li>Reference URL<\/li>\n<li>Hostname des Computers, der auf die Website zugreift.<\/li>\n<li>Zeitpunkt der Serveranfrage.<\/li>\n<li>IP-Adresse.<\/li>\n<\/ul>\n<p>Eine Zusammenf\u00fchrung dieser Daten mit anderen Datenquellen wird nicht vorgenommen.<\/p>\n<p>Grundlage f\u00fcr die Datenverarbeitung ist Art. 6 Abs. 1 lit. b DSGVO, der die Verarbeitung von Daten zur Durchf\u00fchrung eines Vertrages oder vorvertraglicher Massnahmen erlaubt. Diese Daten werden 24 Monate lang gespeichert und unter Beachtung der Datenschutzbestimmungen und in anonymisierter Form mit dem Statistik-Tool &#8222;PIWIK\/MATOBO&#8220; grafisch aufbereitet. Es werden jedoch keine zus\u00e4tzlichen Daten au\u00dferhalb der ohnehin gesammelten Protokolldateien gesammelt.<\/p>\n<h2>Soziale Medien<\/h2>\n<h3>Gemeinsame Nutzung von Inhalten \u00fcber Plugins (Facebook, Google+1, Twitter &amp; Amp; Co.)<\/h3>\n<p>Der Inhalt unserer Seiten kann unter Beachtung der Datenschutzbestimmungen in sozialen Netzwerken wie Facebook, Twitter oder Google+ geteilt werden. Diese Seite verwendet Links zu den entsprechenden Netzwerken, wobei die Privatsph\u00e4re respektiert wird. Diese einfachen Links \u00fcbertragen keine Daten im Voraus ohne Ihre Zustimmung. Dieses Tool stellt nur dann direkten Kontakt zwischen Netzwerken und Benutzern her, wenn der Benutzer aktiv auf eine dieser Schaltfl\u00e4chen klickt.<\/p>\n<p>Dieses Tool \u00fcbertr\u00e4gt die Benutzerdaten nicht automatisch an die Betreiber dieser Plattformen. Ist der Benutzer bei einem der sozialen Netzwerke registriert, erscheint bei Verwendung der sozialen Schaltfl\u00e4chen von Facebook, Google+1, Twitter &amp; Co. ein Informationsfenster, in dem der Benutzer den Text vor dem Versenden best\u00e4tigen kann.<\/p>\n<p>Unsere Benutzer k\u00f6nnen den Inhalt dieser Seite unter Einhaltung der Datenschutzbestimmungen in den sozialen Netzwerken teilen, ohne dass die Betreiber der Netzwerke vollst\u00e4ndige Navigationsprofile erstellen m\u00fcssen.<\/p>\n<h2>Plugins und Werkzeuge<\/h2>\n<h3>YouTube<\/h3>\n<p>Unsere Website verwendet Plug-ins von der von Google betriebenen YouTube-Seite. Die Website wird von YouTube, LLC, 901 Cherry Ave, San Bruno, CA 94066, USA, betrieben.<\/p>\n<p>Wenn Sie eine unserer Websites besuchen, die mit einem YouTube-Plugin ausgestattet ist, wird eine Verbindung zu den YouTube-Servern hergestellt. Dadurch wird dem YouTube-Server mitgeteilt, welche Seiten unserer Website Sie besucht haben.<\/p>\n<p>Wenn Sie in Ihrem YouTube-Konto angemeldet sind, erlauben Sie YouTube, Ihre Surfgewohnheiten direkt mit Ihrem pers\u00f6nlichen Profil zu verkn\u00fcpfen. Sie k\u00f6nnen dies vermeiden, indem Sie sich von Ihrem YouTube-Konto abmelden.<\/p>\n<p>YouTube wird im Interesse einer attraktiven Pr\u00e4sentation unserer Online-Angebote genutzt. Dies stellt ein berechtigtes Interesse im Sinne von Art. 6 Abs. 1 lit. f DSGVO dar.<\/p>\n<p>Weitere Informationen \u00fcber die Verarbeitung von Benutzerdaten finden Sie in der YouTube-Datenschutzrichtlinie unter <a href=\"https:\/\/www.google.de\/intl\/de\/policies\/privacy\">https:\/\/www.google.de\/intl\/de\/policies\/privacy<\/a>.<\/p>\n<h3>Vimeo<\/h3>\n<p>F\u00fcr die Videointegration verwenden wir unter anderem den Anbieter Vimeo. Vimeo wird von Vimeo, LLC mit Sitz in 555 West 18th Street, New York, New York 10011, betrieben.<br \/>\nAuf einigen unserer Websites verwenden wir Plug-ins des Anbieters Vimeo. Wenn Sie Seiten auf unserer Website besuchen, die mit einem solchen Plugin ausgestattet sind, wird eine Verbindung zu den Servern von Vimeo hergestellt und das Plugin wird angezeigt. Dies teilt dem Vimeo-Server mit, welche Webseiten Sie besucht haben. Wenn Sie als Vimeo-Mitglied eingeloggt sind, ordnet Vimeo diese Informationen Ihrem pers\u00f6nlichen Benutzerkonto zu. Wenn Sie das Plugin verwenden, z.B. wenn Sie auf die Startschaltfl\u00e4che f\u00fcr ein Video klicken, werden diese Informationen auch Ihrem Benutzerkonto zugeordnet. Sie k\u00f6nnen diese Verbindung verhindern, indem Sie sich vor der Nutzung unserer Website von Ihrem Vimeo-Konto abmelden und die entsprechenden Cookies von Vimeo l\u00f6schen.<\/p>\n<p>Weitere Informationen \u00fcber die Datenverarbeitungs- und Datenschutzpolitik von Vimeo finden Sie unter <a href=\"https:\/\/vimeo.com\/privacy\">https:\/\/vimeo.com\/privacy<\/a>.<\/p>\n<h3>Google Web-Schriften<\/h3>\n<p>Diese Website verwendet Webfonts, die von Google zur Verf\u00fcgung gestellt werden, f\u00fcr die einheitliche Darstellung der Schriftarten. Wenn Sie eine Seite aufrufen, l\u00e4dt Ihr Browser die erforderlichen Web-Schriftarten in seinen Cache, um Text und Schriftarten korrekt anzuzeigen.<\/p>\n<p>Da Web-Schriften lokal eingebettet sind, ist es nicht notwendig, Google aufzurufen &#8211; es werden keine Daten zur Anzeige der lokal installierten Google-Schriftart gesendet. Der Einsatz von Google Web Fonts liegt im Interesse einer einheitlichen und attraktiven Darstellung unseres Online-Angebots. Dies stellt ein berechtigtes Interesse im Sinne von Art. 6 Abs. 1 lit. f DSGVO dar.<\/p>\n<p>Wenn Ihr Browser keine Web-Fonts unterst\u00fctzt, wird von Ihrem Computer eine Standardschriftart verwendet.<\/p>\n<p>Weitere Informationen zu den Google-Webfonts finden Sie unter <a href=\"https:\/\/developers.google.com\/fonts\/faq\">https:\/\/developers.google.com\/fonts\/faq<\/a> und in der Google-Datenschutzerkl\u00e4rung: <a href=\"https:\/\/www.google.com\/policies\/privacy\/\">https:\/\/www.google.com\/policies\/privacy\/<\/a>.<\/p>\n","protected":false},"excerpt":{"rendered":"<p>Benutzerrechte&#8230; Als Nutzer haben Sie das Recht, auf Antrag unentgeltlich Auskunft \u00fcber die \u00fcber Sie gespeicherten personenbezogenen Daten zu erhalten.\u00a0Wenn Sie der Meinung sind, dass Ihre Daten unrechtm\u00e4\u00dfig verarbeitet wurden, k\u00f6nnen Sie bei der zust\u00e4ndigen Aufsichtsbeh\u00f6rde eine Beschwerde einreichen. L\u00f6schung von Daten Die von uns gespeicherten Daten werden gel\u00f6scht, wenn sie f\u00fcr den Zweck, f\u00fcr [&hellip;]<\/p>\n","protected":false},"author":10,"featured_media":0,"parent":0,"menu_order":0,"comment_status":"closed","ping_status":"closed","template":"","meta":{"_acf_changed":false,"footnotes":""},"class_list":["post-27390","page","type-page","status-publish","hentry"],"acf":[],"yoast_head":"<!-- This site is optimized with the Yoast SEO plugin v27.1.1 - https:\/\/yoast.com\/product\/yoast-seo-wordpress\/ -->\n<title>Cookies und Datenschutzerkl\u00e4rung - Caralliance - Der gr\u00f6\u00dfte Bestand an Neu- und Gebrauchtfahrzeugen in der Provinz L\u00fcttich<\/title>\n<meta name=\"robots\" content=\"index, follow, max-snippet:-1, max-image-preview:large, max-video-preview:-1\" \/>\n<link rel=\"canonical\" href=\"https:\/\/www.caralliance.be\/de\/datenschutzerklaerung\/\" \/>\n<meta property=\"og:locale\" content=\"de_DE\" \/>\n<meta property=\"og:type\" content=\"article\" \/>\n<meta property=\"og:title\" content=\"Cookies und Datenschutzerkl\u00e4rung - Caralliance - Der gr\u00f6\u00dfte Bestand an Neu- und Gebrauchtfahrzeugen in der Provinz L\u00fcttich\" \/>\n<meta property=\"og:description\" content=\"Benutzerrechte&#8230; Als Nutzer haben Sie das Recht, auf Antrag unentgeltlich Auskunft \u00fcber die \u00fcber Sie gespeicherten personenbezogenen Daten zu erhalten.\u00a0Wenn Sie der Meinung sind, dass Ihre Daten unrechtm\u00e4\u00dfig verarbeitet wurden, k\u00f6nnen Sie bei der zust\u00e4ndigen Aufsichtsbeh\u00f6rde eine Beschwerde einreichen. L\u00f6schung von Daten Die von uns gespeicherten Daten werden gel\u00f6scht, wenn sie f\u00fcr den Zweck, f\u00fcr [&hellip;]\" \/>\n<meta property=\"og:url\" content=\"https:\/\/www.caralliance.be\/de\/datenschutzerklaerung\/\" \/>\n<meta property=\"og:site_name\" content=\"Caralliance - Der gr\u00f6\u00dfte Bestand an Neu- und Gebrauchtfahrzeugen in der Provinz L\u00fcttich\" \/>\n<meta property=\"article:modified_time\" content=\"2020-04-01T08:22:42+00:00\" \/>\n<meta name=\"twitter:card\" content=\"summary_large_image\" \/>\n<meta name=\"twitter:label1\" content=\"Gesch\u00e4tzte Lesezeit\" \/>\n\t<meta name=\"twitter:data1\" content=\"11\u00a0Minuten\" \/>\n<script type=\"application\/ld+json\" class=\"yoast-schema-graph\">{\"@context\":\"https:\/\/schema.org\",\"@graph\":[{\"@type\":\"WebPage\",\"@id\":\"https:\/\/www.caralliance.be\/de\/datenschutzerklaerung\/\",\"url\":\"https:\/\/www.caralliance.be\/de\/datenschutzerklaerung\/\",\"name\":\"Cookies und Datenschutzerkl\u00e4rung - Caralliance - Der gr\u00f6\u00dfte Bestand an Neu- und Gebrauchtfahrzeugen in der Provinz L\u00fcttich\",\"isPartOf\":{\"@id\":\"https:\/\/www.caralliance.be\/de\/#website\"},\"datePublished\":\"2019-04-04T10:25:15+00:00\",\"dateModified\":\"2020-04-01T08:22:42+00:00\",\"breadcrumb\":{\"@id\":\"https:\/\/www.caralliance.be\/de\/datenschutzerklaerung\/#breadcrumb\"},\"inLanguage\":\"de\",\"potentialAction\":[{\"@type\":\"ReadAction\",\"target\":[\"https:\/\/www.caralliance.be\/de\/datenschutzerklaerung\/\"]}]},{\"@type\":\"BreadcrumbList\",\"@id\":\"https:\/\/www.caralliance.be\/de\/datenschutzerklaerung\/#breadcrumb\",\"itemListElement\":[{\"@type\":\"ListItem\",\"position\":1,\"name\":\"Home\",\"item\":\"https:\/\/www.caralliance.be\/de\/\"},{\"@type\":\"ListItem\",\"position\":2,\"name\":\"Cookies und Datenschutzerkl\u00e4rung\"}]},{\"@type\":\"WebSite\",\"@id\":\"https:\/\/www.caralliance.be\/de\/#website\",\"url\":\"https:\/\/www.caralliance.be\/de\/\",\"name\":\"Caralliance - Der gr\u00f6\u00dfte Bestand an Neu- und Gebrauchtfahrzeugen in der Provinz L\u00fcttich\",\"description\":\"Finden Sie jetzt Ihr Traumauto!\",\"potentialAction\":[{\"@type\":\"SearchAction\",\"target\":{\"@type\":\"EntryPoint\",\"urlTemplate\":\"https:\/\/www.caralliance.be\/de\/?s={search_term_string}\"},\"query-input\":{\"@type\":\"PropertyValueSpecification\",\"valueRequired\":true,\"valueName\":\"search_term_string\"}}],\"inLanguage\":\"de\"}]}<\/script>\n<!-- \/ Yoast SEO plugin. -->","yoast_head_json":{"title":"Cookies und Datenschutzerkl\u00e4rung - Caralliance - Der gr\u00f6\u00dfte Bestand an Neu- und Gebrauchtfahrzeugen in der Provinz L\u00fcttich","robots":{"index":"index","follow":"follow","max-snippet":"max-snippet:-1","max-image-preview":"max-image-preview:large","max-video-preview":"max-video-preview:-1"},"canonical":"https:\/\/www.caralliance.be\/de\/datenschutzerklaerung\/","og_locale":"de_DE","og_type":"article","og_title":"Cookies und Datenschutzerkl\u00e4rung - Caralliance - Der gr\u00f6\u00dfte Bestand an Neu- und Gebrauchtfahrzeugen in der Provinz L\u00fcttich","og_description":"Benutzerrechte&#8230; Als Nutzer haben Sie das Recht, auf Antrag unentgeltlich Auskunft \u00fcber die \u00fcber Sie gespeicherten personenbezogenen Daten zu erhalten.\u00a0Wenn Sie der Meinung sind, dass Ihre Daten unrechtm\u00e4\u00dfig verarbeitet wurden, k\u00f6nnen Sie bei der zust\u00e4ndigen Aufsichtsbeh\u00f6rde eine Beschwerde einreichen. L\u00f6schung von Daten Die von uns gespeicherten Daten werden gel\u00f6scht, wenn sie f\u00fcr den Zweck, f\u00fcr [&hellip;]","og_url":"https:\/\/www.caralliance.be\/de\/datenschutzerklaerung\/","og_site_name":"Caralliance - Der gr\u00f6\u00dfte Bestand an Neu- und Gebrauchtfahrzeugen in der Provinz L\u00fcttich","article_modified_time":"2020-04-01T08:22:42+00:00","twitter_card":"summary_large_image","twitter_misc":{"Gesch\u00e4tzte Lesezeit":"11\u00a0Minuten"},"schema":{"@context":"https:\/\/schema.org","@graph":[{"@type":"WebPage","@id":"https:\/\/www.caralliance.be\/de\/datenschutzerklaerung\/","url":"https:\/\/www.caralliance.be\/de\/datenschutzerklaerung\/","name":"Cookies und Datenschutzerkl\u00e4rung - Caralliance - Der gr\u00f6\u00dfte Bestand an Neu- und Gebrauchtfahrzeugen in der Provinz L\u00fcttich","isPartOf":{"@id":"https:\/\/www.caralliance.be\/de\/#website"},"datePublished":"2019-04-04T10:25:15+00:00","dateModified":"2020-04-01T08:22:42+00:00","breadcrumb":{"@id":"https:\/\/www.caralliance.be\/de\/datenschutzerklaerung\/#breadcrumb"},"inLanguage":"de","potentialAction":[{"@type":"ReadAction","target":["https:\/\/www.caralliance.be\/de\/datenschutzerklaerung\/"]}]},{"@type":"BreadcrumbList","@id":"https:\/\/www.caralliance.be\/de\/datenschutzerklaerung\/#breadcrumb","itemListElement":[{"@type":"ListItem","position":1,"name":"Home","item":"https:\/\/www.caralliance.be\/de\/"},{"@type":"ListItem","position":2,"name":"Cookies und Datenschutzerkl\u00e4rung"}]},{"@type":"WebSite","@id":"https:\/\/www.caralliance.be\/de\/#website","url":"https:\/\/www.caralliance.be\/de\/","name":"Caralliance - Der gr\u00f6\u00dfte Bestand an Neu- und Gebrauchtfahrzeugen in der Provinz L\u00fcttich","description":"Finden Sie jetzt Ihr Traumauto!","potentialAction":[{"@type":"SearchAction","target":{"@type":"EntryPoint","urlTemplate":"https:\/\/www.caralliance.be\/de\/?s={search_term_string}"},"query-input":{"@type":"PropertyValueSpecification","valueRequired":true,"valueName":"search_term_string"}}],"inLanguage":"de"}]}},"_links":{"self":[{"href":"https:\/\/www.caralliance.be\/de\/wp-json\/wp\/v2\/pages\/27390","targetHints":{"allow":["GET"]}}],"collection":[{"href":"https:\/\/www.caralliance.be\/de\/wp-json\/wp\/v2\/pages"}],"about":[{"href":"https:\/\/www.caralliance.be\/de\/wp-json\/wp\/v2\/types\/page"}],"author":[{"embeddable":true,"href":"https:\/\/www.caralliance.be\/de\/wp-json\/wp\/v2\/users\/10"}],"replies":[{"embeddable":true,"href":"https:\/\/www.caralliance.be\/de\/wp-json\/wp\/v2\/comments?post=27390"}],"version-history":[{"count":3,"href":"https:\/\/www.caralliance.be\/de\/wp-json\/wp\/v2\/pages\/27390\/revisions"}],"predecessor-version":[{"id":30612,"href":"https:\/\/www.caralliance.be\/de\/wp-json\/wp\/v2\/pages\/27390\/revisions\/30612"}],"wp:attachment":[{"href":"https:\/\/www.caralliance.be\/de\/wp-json\/wp\/v2\/media?parent=27390"}],"curies":[{"name":"wp","href":"https:\/\/api.w.org\/{rel}","templated":true}]}}