{"id":47431,"date":"2023-04-18T22:01:16","date_gmt":"2023-04-18T20:01:16","guid":{"rendered":"https:\/\/www.caralliance.be\/de\/nos-offres-de-services\/"},"modified":"2024-03-14T14:26:38","modified_gmt":"2024-03-14T13:26:38","slug":"services","status":"publish","type":"page","link":"https:\/\/www.caralliance.be\/de\/services\/","title":{"rendered":"Unsere Serviceangebote und Zubeh\u00f6r"},"content":{"rendered":"","protected":false},"excerpt":{"rendered":"","protected":false},"author":10,"featured_media":0,"parent":0,"menu_order":0,"comment_status":"closed","ping_status":"closed","template":"","meta":{"_acf_changed":false,"footnotes":""},"class_list":["post-47431","page","type-page","status-publish","hentry"],"acf":[],"yoast_head":"<!-- This site is optimized with the Yoast SEO plugin v27.1.1 - https:\/\/yoast.com\/product\/yoast-seo-wordpress\/ -->\n<title>Unsere Serviceangebote und Zubeh\u00f6r - Caralliance - Der gr\u00f6\u00dfte Bestand an Neu- und Gebrauchtfahrzeugen in der Provinz L\u00fcttich<\/title>\n<meta name=\"robots\" content=\"index, follow, max-snippet:-1, max-image-preview:large, max-video-preview:-1\" \/>\n<link rel=\"canonical\" href=\"https:\/\/www.caralliance.be\/de\/services\/\" \/>\n<meta property=\"og:locale\" content=\"de_DE\" \/>\n<meta property=\"og:type\" content=\"article\" \/>\n<meta property=\"og:title\" content=\"Unsere Serviceangebote und Zubeh\u00f6r - Caralliance - Der gr\u00f6\u00dfte Bestand an Neu- und Gebrauchtfahrzeugen in der Provinz L\u00fcttich\" \/>\n<meta property=\"og:url\" content=\"https:\/\/www.caralliance.be\/de\/services\/\" \/>\n<meta property=\"og:site_name\" content=\"Caralliance - Der gr\u00f6\u00dfte Bestand an Neu- und Gebrauchtfahrzeugen in der Provinz L\u00fcttich\" \/>\n<meta property=\"article:modified_time\" content=\"2024-03-14T13:26:38+00:00\" \/>\n<meta name=\"twitter:card\" content=\"summary_large_image\" \/>\n<meta name=\"twitter:label1\" content=\"Gesch\u00e4tzte Lesezeit\" \/>\n\t<meta name=\"twitter:data1\" content=\"3\u00a0Minuten\" \/>\n<script type=\"application\/ld+json\" class=\"yoast-schema-graph\">{\"@context\":\"https:\/\/schema.org\",\"@graph\":[{\"@type\":\"WebPage\",\"@id\":\"https:\/\/www.caralliance.be\/de\/services\/\",\"url\":\"https:\/\/www.caralliance.be\/de\/services\/\",\"name\":\"Unsere Serviceangebote und Zubeh\u00f6r - Caralliance - Der gr\u00f6\u00dfte Bestand an Neu- und Gebrauchtfahrzeugen in der Provinz L\u00fcttich\",\"isPartOf\":{\"@id\":\"https:\/\/www.caralliance.be\/de\/#website\"},\"datePublished\":\"2023-04-18T20:01:16+00:00\",\"dateModified\":\"2024-03-14T13:26:38+00:00\",\"breadcrumb\":{\"@id\":\"https:\/\/www.caralliance.be\/de\/services\/#breadcrumb\"},\"inLanguage\":\"de\",\"potentialAction\":[{\"@type\":\"ReadAction\",\"target\":[\"https:\/\/www.caralliance.be\/de\/services\/\"]}]},{\"@type\":\"BreadcrumbList\",\"@id\":\"https:\/\/www.caralliance.be\/de\/services\/#breadcrumb\",\"itemListElement\":[{\"@type\":\"ListItem\",\"position\":1,\"name\":\"Home\",\"item\":\"https:\/\/www.caralliance.be\/de\/\"},{\"@type\":\"ListItem\",\"position\":2,\"name\":\"Unsere Serviceangebote und Zubeh\u00f6r\"}]},{\"@type\":\"WebSite\",\"@id\":\"https:\/\/www.caralliance.be\/de\/#website\",\"url\":\"https:\/\/www.caralliance.be\/de\/\",\"name\":\"Caralliance - Der gr\u00f6\u00dfte Bestand an Neu- und Gebrauchtfahrzeugen in der Provinz L\u00fcttich\",\"description\":\"Finden Sie jetzt Ihr Traumauto!\",\"potentialAction\":[{\"@type\":\"SearchAction\",\"target\":{\"@type\":\"EntryPoint\",\"urlTemplate\":\"https:\/\/www.caralliance.be\/de\/?s={search_term_string}\"},\"query-input\":{\"@type\":\"PropertyValueSpecification\",\"valueRequired\":true,\"valueName\":\"search_term_string\"}}],\"inLanguage\":\"de\"}]}<\/script>\n<!-- \/ Yoast SEO plugin. -->","yoast_head_json":{"title":"Unsere Serviceangebote und Zubeh\u00f6r - Caralliance - Der gr\u00f6\u00dfte Bestand an Neu- und Gebrauchtfahrzeugen in der Provinz L\u00fcttich","robots":{"index":"index","follow":"follow","max-snippet":"max-snippet:-1","max-image-preview":"max-image-preview:large","max-video-preview":"max-video-preview:-1"},"canonical":"https:\/\/www.caralliance.be\/de\/services\/","og_locale":"de_DE","og_type":"article","og_title":"Unsere Serviceangebote und Zubeh\u00f6r - Caralliance - Der gr\u00f6\u00dfte Bestand an Neu- und Gebrauchtfahrzeugen in der Provinz L\u00fcttich","og_url":"https:\/\/www.caralliance.be\/de\/services\/","og_site_name":"Caralliance - Der gr\u00f6\u00dfte Bestand an Neu- und Gebrauchtfahrzeugen in der Provinz L\u00fcttich","article_modified_time":"2024-03-14T13:26:38+00:00","twitter_card":"summary_large_image","twitter_misc":{"Gesch\u00e4tzte Lesezeit":"3\u00a0Minuten"},"schema":{"@context":"https:\/\/schema.org","@graph":[{"@type":"WebPage","@id":"https:\/\/www.caralliance.be\/de\/services\/","url":"https:\/\/www.caralliance.be\/de\/services\/","name":"Unsere Serviceangebote und Zubeh\u00f6r - Caralliance - Der gr\u00f6\u00dfte Bestand an Neu- und Gebrauchtfahrzeugen in der Provinz L\u00fcttich","isPartOf":{"@id":"https:\/\/www.caralliance.be\/de\/#website"},"datePublished":"2023-04-18T20:01:16+00:00","dateModified":"2024-03-14T13:26:38+00:00","breadcrumb":{"@id":"https:\/\/www.caralliance.be\/de\/services\/#breadcrumb"},"inLanguage":"de","potentialAction":[{"@type":"ReadAction","target":["https:\/\/www.caralliance.be\/de\/services\/"]}]},{"@type":"BreadcrumbList","@id":"https:\/\/www.caralliance.be\/de\/services\/#breadcrumb","itemListElement":[{"@type":"ListItem","position":1,"name":"Home","item":"https:\/\/www.caralliance.be\/de\/"},{"@type":"ListItem","position":2,"name":"Unsere Serviceangebote und Zubeh\u00f6r"}]},{"@type":"WebSite","@id":"https:\/\/www.caralliance.be\/de\/#website","url":"https:\/\/www.caralliance.be\/de\/","name":"Caralliance - Der gr\u00f6\u00dfte Bestand an Neu- und Gebrauchtfahrzeugen in der Provinz L\u00fcttich","description":"Finden Sie jetzt Ihr Traumauto!","potentialAction":[{"@type":"SearchAction","target":{"@type":"EntryPoint","urlTemplate":"https:\/\/www.caralliance.be\/de\/?s={search_term_string}"},"query-input":{"@type":"PropertyValueSpecification","valueRequired":true,"valueName":"search_term_string"}}],"inLanguage":"de"}]}},"_links":{"self":[{"href":"https:\/\/www.caralliance.be\/de\/wp-json\/wp\/v2\/pages\/47431","targetHints":{"allow":["GET"]}}],"collection":[{"href":"https:\/\/www.caralliance.be\/de\/wp-json\/wp\/v2\/pages"}],"about":[{"href":"https:\/\/www.caralliance.be\/de\/wp-json\/wp\/v2\/types\/page"}],"author":[{"embeddable":true,"href":"https:\/\/www.caralliance.be\/de\/wp-json\/wp\/v2\/users\/10"}],"replies":[{"embeddable":true,"href":"https:\/\/www.caralliance.be\/de\/wp-json\/wp\/v2\/comments?post=47431"}],"version-history":[{"count":3,"href":"https:\/\/www.caralliance.be\/de\/wp-json\/wp\/v2\/pages\/47431\/revisions"}],"predecessor-version":[{"id":49452,"href":"https:\/\/www.caralliance.be\/de\/wp-json\/wp\/v2\/pages\/47431\/revisions\/49452"}],"wp:attachment":[{"href":"https:\/\/www.caralliance.be\/de\/wp-json\/wp\/v2\/media?parent=47431"}],"curies":[{"name":"wp","href":"https:\/\/api.w.org\/{rel}","templated":true}]}}