{"id":49970,"date":"2024-07-02T10:17:25","date_gmt":"2024-07-02T08:17:25","guid":{"rendered":"https:\/\/www.caralliance.be\/de\/votre-vehicule-sur-mesure\/cupra-formentor\/"},"modified":"2024-07-02T10:13:57","modified_gmt":"2024-07-02T08:13:57","slug":"cupra-formentor","status":"publish","type":"page","link":"https:\/\/www.caralliance.be\/de\/votre-vehicule-sur-mesure\/cupra-formentor\/","title":{"rendered":"Cupra Formentor"},"content":{"rendered":"","protected":false},"excerpt":{"rendered":"","protected":false},"author":1,"featured_media":0,"parent":48896,"menu_order":0,"comment_status":"closed","ping_status":"closed","template":"","meta":{"_acf_changed":false,"footnotes":""},"class_list":["post-49970","page","type-page","status-publish","hentry"],"acf":[],"yoast_head":"<!-- This site is optimized with the Yoast SEO plugin v27.1.1 - https:\/\/yoast.com\/product\/yoast-seo-wordpress\/ -->\n<title>Cupra Formentor - Caralliance - Der gr\u00f6\u00dfte Bestand an Neu- und Gebrauchtfahrzeugen in der Provinz L\u00fcttich<\/title>\n<meta name=\"robots\" content=\"index, follow, max-snippet:-1, max-image-preview:large, max-video-preview:-1\" \/>\n<link rel=\"canonical\" href=\"https:\/\/www.caralliance.be\/de\/votre-vehicule-sur-mesure\/cupra-formentor\/\" \/>\n<meta property=\"og:locale\" content=\"de_DE\" \/>\n<meta property=\"og:type\" content=\"article\" \/>\n<meta property=\"og:title\" content=\"Cupra Formentor - Caralliance - Der gr\u00f6\u00dfte Bestand an Neu- und Gebrauchtfahrzeugen in der Provinz L\u00fcttich\" \/>\n<meta property=\"og:url\" content=\"https:\/\/www.caralliance.be\/de\/votre-vehicule-sur-mesure\/cupra-formentor\/\" \/>\n<meta property=\"og:site_name\" content=\"Caralliance - Der gr\u00f6\u00dfte Bestand an Neu- und Gebrauchtfahrzeugen in der Provinz L\u00fcttich\" \/>\n<meta name=\"twitter:card\" content=\"summary_large_image\" \/>\n<script type=\"application\/ld+json\" class=\"yoast-schema-graph\">{\"@context\":\"https:\/\/schema.org\",\"@graph\":[{\"@type\":\"WebPage\",\"@id\":\"https:\/\/www.caralliance.be\/de\/votre-vehicule-sur-mesure\/cupra-formentor\/\",\"url\":\"https:\/\/www.caralliance.be\/de\/votre-vehicule-sur-mesure\/cupra-formentor\/\",\"name\":\"Cupra Formentor - Caralliance - Der gr\u00f6\u00dfte Bestand an Neu- und Gebrauchtfahrzeugen in der Provinz L\u00fcttich\",\"isPartOf\":{\"@id\":\"https:\/\/www.caralliance.be\/de\/#website\"},\"datePublished\":\"2024-07-02T08:17:25+00:00\",\"breadcrumb\":{\"@id\":\"https:\/\/www.caralliance.be\/de\/votre-vehicule-sur-mesure\/cupra-formentor\/#breadcrumb\"},\"inLanguage\":\"de\",\"potentialAction\":[{\"@type\":\"ReadAction\",\"target\":[\"https:\/\/www.caralliance.be\/de\/votre-vehicule-sur-mesure\/cupra-formentor\/\"]}]},{\"@type\":\"BreadcrumbList\",\"@id\":\"https:\/\/www.caralliance.be\/de\/votre-vehicule-sur-mesure\/cupra-formentor\/#breadcrumb\",\"itemListElement\":[{\"@type\":\"ListItem\",\"position\":1,\"name\":\"Home\",\"item\":\"https:\/\/www.caralliance.be\/de\/\"},{\"@type\":\"ListItem\",\"position\":2,\"name\":\"Votre v\u00e9hicule sur mesure\",\"item\":\"https:\/\/www.caralliance.be\/de\/votre-vehicule-sur-mesure\/\"},{\"@type\":\"ListItem\",\"position\":3,\"name\":\"Cupra Formentor\"}]},{\"@type\":\"WebSite\",\"@id\":\"https:\/\/www.caralliance.be\/de\/#website\",\"url\":\"https:\/\/www.caralliance.be\/de\/\",\"name\":\"Caralliance - Der gr\u00f6\u00dfte Bestand an Neu- und Gebrauchtfahrzeugen in der Provinz L\u00fcttich\",\"description\":\"Finden Sie jetzt Ihr Traumauto!\",\"potentialAction\":[{\"@type\":\"SearchAction\",\"target\":{\"@type\":\"EntryPoint\",\"urlTemplate\":\"https:\/\/www.caralliance.be\/de\/?s={search_term_string}\"},\"query-input\":{\"@type\":\"PropertyValueSpecification\",\"valueRequired\":true,\"valueName\":\"search_term_string\"}}],\"inLanguage\":\"de\"}]}<\/script>\n<!-- \/ Yoast SEO plugin. -->","yoast_head_json":{"title":"Cupra Formentor - Caralliance - Der gr\u00f6\u00dfte Bestand an Neu- und Gebrauchtfahrzeugen in der Provinz L\u00fcttich","robots":{"index":"index","follow":"follow","max-snippet":"max-snippet:-1","max-image-preview":"max-image-preview:large","max-video-preview":"max-video-preview:-1"},"canonical":"https:\/\/www.caralliance.be\/de\/votre-vehicule-sur-mesure\/cupra-formentor\/","og_locale":"de_DE","og_type":"article","og_title":"Cupra Formentor - Caralliance - Der gr\u00f6\u00dfte Bestand an Neu- und Gebrauchtfahrzeugen in der Provinz L\u00fcttich","og_url":"https:\/\/www.caralliance.be\/de\/votre-vehicule-sur-mesure\/cupra-formentor\/","og_site_name":"Caralliance - Der gr\u00f6\u00dfte Bestand an Neu- und Gebrauchtfahrzeugen in der Provinz L\u00fcttich","twitter_card":"summary_large_image","schema":{"@context":"https:\/\/schema.org","@graph":[{"@type":"WebPage","@id":"https:\/\/www.caralliance.be\/de\/votre-vehicule-sur-mesure\/cupra-formentor\/","url":"https:\/\/www.caralliance.be\/de\/votre-vehicule-sur-mesure\/cupra-formentor\/","name":"Cupra Formentor - Caralliance - Der gr\u00f6\u00dfte Bestand an Neu- und Gebrauchtfahrzeugen in der Provinz L\u00fcttich","isPartOf":{"@id":"https:\/\/www.caralliance.be\/de\/#website"},"datePublished":"2024-07-02T08:17:25+00:00","breadcrumb":{"@id":"https:\/\/www.caralliance.be\/de\/votre-vehicule-sur-mesure\/cupra-formentor\/#breadcrumb"},"inLanguage":"de","potentialAction":[{"@type":"ReadAction","target":["https:\/\/www.caralliance.be\/de\/votre-vehicule-sur-mesure\/cupra-formentor\/"]}]},{"@type":"BreadcrumbList","@id":"https:\/\/www.caralliance.be\/de\/votre-vehicule-sur-mesure\/cupra-formentor\/#breadcrumb","itemListElement":[{"@type":"ListItem","position":1,"name":"Home","item":"https:\/\/www.caralliance.be\/de\/"},{"@type":"ListItem","position":2,"name":"Votre v\u00e9hicule sur mesure","item":"https:\/\/www.caralliance.be\/de\/votre-vehicule-sur-mesure\/"},{"@type":"ListItem","position":3,"name":"Cupra Formentor"}]},{"@type":"WebSite","@id":"https:\/\/www.caralliance.be\/de\/#website","url":"https:\/\/www.caralliance.be\/de\/","name":"Caralliance - Der gr\u00f6\u00dfte Bestand an Neu- und Gebrauchtfahrzeugen in der Provinz L\u00fcttich","description":"Finden Sie jetzt Ihr Traumauto!","potentialAction":[{"@type":"SearchAction","target":{"@type":"EntryPoint","urlTemplate":"https:\/\/www.caralliance.be\/de\/?s={search_term_string}"},"query-input":{"@type":"PropertyValueSpecification","valueRequired":true,"valueName":"search_term_string"}}],"inLanguage":"de"}]}},"_links":{"self":[{"href":"https:\/\/www.caralliance.be\/de\/wp-json\/wp\/v2\/pages\/49970","targetHints":{"allow":["GET"]}}],"collection":[{"href":"https:\/\/www.caralliance.be\/de\/wp-json\/wp\/v2\/pages"}],"about":[{"href":"https:\/\/www.caralliance.be\/de\/wp-json\/wp\/v2\/types\/page"}],"author":[{"embeddable":true,"href":"https:\/\/www.caralliance.be\/de\/wp-json\/wp\/v2\/users\/1"}],"replies":[{"embeddable":true,"href":"https:\/\/www.caralliance.be\/de\/wp-json\/wp\/v2\/comments?post=49970"}],"version-history":[{"count":1,"href":"https:\/\/www.caralliance.be\/de\/wp-json\/wp\/v2\/pages\/49970\/revisions"}],"predecessor-version":[{"id":49974,"href":"https:\/\/www.caralliance.be\/de\/wp-json\/wp\/v2\/pages\/49970\/revisions\/49974"}],"up":[{"embeddable":true,"href":"https:\/\/www.caralliance.be\/de\/wp-json\/wp\/v2\/pages\/48896"}],"wp:attachment":[{"href":"https:\/\/www.caralliance.be\/de\/wp-json\/wp\/v2\/media?parent=49970"}],"curies":[{"name":"wp","href":"https:\/\/api.w.org\/{rel}","templated":true}]}}